{"id":3091,"date":"2024-06-03T03:12:58","date_gmt":"2024-06-03T03:12:58","guid":{"rendered":"https:\/\/i3composites.com\/?page_id=3091"},"modified":"2024-08-18T03:30:42","modified_gmt":"2024-08-18T03:30:42","slug":"carreras","status":"publish","type":"page","link":"https:\/\/i3composites.com\/es\/carreras\/","title":{"rendered":"CARRERAS"},"content":{"rendered":"\t\t<div data-elementor-type=\"wp-page\" data-elementor-id=\"3091\" class=\"elementor elementor-3091 elementor-399\" data-elementor-post-type=\"page\">\n\t\t\t\t<div class=\"wd-negative-gap elementor-element elementor-element-53539d2 wd-section-stretch-content e-flex e-con-boxed e-con e-parent\" data-id=\"53539d2\" data-element_type=\"container\" data-settings=\"{&quot;background_background&quot;:&quot;classic&quot;}\">\n\t\t\t\t\t<div class=\"e-con-inner\">\n\t\t<div class=\"elementor-element elementor-element-5358502 e-con-full e-flex e-con e-child\" data-id=\"5358502\" data-element_type=\"container\">\n\t\t\t\t<div class=\"elementor-element elementor-element-65dab2c elementor-widget elementor-widget-wd_text_block\" data-id=\"65dab2c\" data-element_type=\"widget\" data-widget_type=\"wd_text_block.default\">\n\t\t\t\t<div class=\"elementor-widget-container\">\n\t\t\t\t\t\t\t<div class=\"wd-text-block reset-last-child text-center\">\n\t\t\t\n\t\t\t<p><img loading=\"lazy\" decoding=\"async\" class=\"size-full wp-image-43 alignnone\" src=\"https:\/\/i3composites.com\/wp-content\/uploads\/2024\/05\/Line-1.svg\" alt=\"i3composites\" width=\"60\" height=\"2\" title=\"i3composites\"> Puesto vacante<span class=\"\">\u00a0<\/span><img loading=\"lazy\" decoding=\"async\" class=\"size-full wp-image-43 alignnone\" src=\"https:\/\/i3composites.com\/wp-content\/uploads\/2024\/05\/Line-1.svg\" alt=\"i3composites\" width=\"60\" height=\"2\" title=\"i3composites\"><\/p>\n\t\t\t\t\t<\/div>\n\t\t\t\t\t\t<\/div>\n\t\t\t\t<\/div>\n\t\t\t\t<div class=\"elementor-element elementor-element-1609284 elementor-widget elementor-widget-wd_text_block\" data-id=\"1609284\" data-element_type=\"widget\" data-widget_type=\"wd_text_block.default\">\n\t\t\t\t<div class=\"elementor-widget-container\">\n\t\t\t\t\t\t\t<div class=\"wd-text-block reset-last-child text-center\">\n\t\t\t\n\t\t\t<p><span class=\"\">CONSTRUCTORES DE EMBARCACIONES DE COMPOSITE<\/span><\/p>\n\t\t\t\t\t<\/div>\n\t\t\t\t\t\t<\/div>\n\t\t\t\t<\/div>\n\t\t\t\t<div class=\"elementor-element elementor-element-8f1371f elementor-widget elementor-widget-wd_text_block\" data-id=\"8f1371f\" data-element_type=\"widget\" data-widget_type=\"wd_text_block.default\">\n\t\t\t\t<div class=\"elementor-widget-container\">\n\t\t\t\t\t\t\t<div class=\"wd-text-block reset-last-child text-center\">\n\t\t\t\n\t\t\t<div class=\"5a3cf46e5fc6db45x126k92a 93ce089a1e763dc8x11i5rnm 1f7653c1e606d691xat24cr 8b0883db7a5555d2xtlvy1s 390b7981a18c2ac2x1mh8g0r cc2f90f45b619b98x1vvkbs\"><div class=\"\" dir=\"auto\"><div class=\"\" dir=\"auto\"><div class=\"\">3 Composites busca x2 constructores de embarcaciones de composite de nivel avanzado para unirse a nuestro equipo en expansi\u00f3n. Los candidatos deben tener las siguientes cualificaciones:<\/div><div class=\"\">- Poder trabajar legalmente en la UE<\/div><div class=\"\">- Hablar ingl\u00e9s o espa\u00f1ol, idealmente un poco de ambos, pero al menos un idioma es esencial<\/div><span class=\"\">- Permiso de conducir es una ventaja<\/span><\/div><div class=\"\" dir=\"auto\"><span class=\"\">- Dominio de todos los aspectos de la construcci\u00f3n moderna de embarcaciones de materiales compuestos: infusi\u00f3n, preimpregnaci\u00f3n y laminaci\u00f3n manual con vac\u00edo. Se proporcionar\u00e1 alojamiento durante los 3 primeros meses. Duraci\u00f3n m\u00ednima del contrato 6 meses. Innovation3 es una peque\u00f1a empresa con un equipo muy unido y un ambiente familiar. Animamos a todo nuestro equipo a estar en constante crecimiento y mejora en sus viajes de convertirse en una mejor versi\u00f3n de s\u00ed mismos y un experto constructor de barcos o t\u00e9cnico. Celebramos barbacoas los viernes despu\u00e9s de una semana ajetreada y todo el mundo se lleva bien sin dramas ni problemas innecesarios. El tipo de trabajo que realizamos es muy interesante y var\u00eda mucho, desde piezas para embarcaciones de regatas de preguerra y productos de fibra de carbono, como escaleras de ba\u00f1o, pelda\u00f1os para muelles y defensas, hasta embarcaciones en el astillero STP desde talleres m\u00f3viles. La empresa tiene 10 a\u00f1os, por lo que contamos con sistemas operativos decentes para intentar organizarnos y facilitar el trabajo de todos los equipos.<\/span><\/div><\/div><\/div>\n\t\t\t\t\t<\/div>\n\t\t\t\t\t\t<\/div>\n\t\t\t\t<\/div>\n\t\t\t\t<\/div>\n\t\t\t\t\t<\/div>\n\t\t\t\t<\/div>\n\t\t<div class=\"wd-negative-gap elementor-element elementor-element-d2a44fe wd-section-stretch-content e-flex e-con-boxed e-con e-parent\" data-id=\"d2a44fe\" data-element_type=\"container\" data-settings=\"{&quot;background_background&quot;:&quot;classic&quot;}\">\n\t\t\t\t\t<div class=\"e-con-inner\">\n\t\t<div class=\"elementor-element elementor-element-e4ce7de e-con-full e-flex e-con e-child\" data-id=\"e4ce7de\" data-element_type=\"container\">\n\t\t\t\t<div class=\"elementor-element elementor-element-dd16edd elementor-widget elementor-widget-wd_text_block\" data-id=\"dd16edd\" data-element_type=\"widget\" data-widget_type=\"wd_text_block.default\">\n\t\t\t\t<div class=\"elementor-widget-container\">\n\t\t\t\t\t\t\t<div class=\"wd-text-block reset-last-child text-center\">\n\t\t\t\n\t\t\t<p><img loading=\"lazy\" decoding=\"async\" class=\"size-full wp-image-43 alignnone\" src=\"https:\/\/i3composites.com\/wp-content\/uploads\/2024\/05\/Line-1.svg\" alt=\"i3composites\" width=\"60\" height=\"2\" title=\"i3composites\"> Puesto de trabajo vacante<span class=\"\">\u00a0<\/span><img loading=\"lazy\" decoding=\"async\" class=\"size-full wp-image-43 alignnone\" src=\"https:\/\/i3composites.com\/wp-content\/uploads\/2024\/05\/Line-1.svg\" alt=\"i3composites\" width=\"60\" height=\"2\" title=\"i3composites\"><\/p>\n\t\t\t\t\t<\/div>\n\t\t\t\t\t\t<\/div>\n\t\t\t\t<\/div>\n\t\t\t\t<div class=\"elementor-element elementor-element-0a54206 elementor-widget elementor-widget-wd_text_block\" data-id=\"0a54206\" data-element_type=\"widget\" data-widget_type=\"wd_text_block.default\">\n\t\t\t\t<div class=\"elementor-widget-container\">\n\t\t\t\t\t\t\t<div class=\"wd-text-block reset-last-child text-center\">\n\t\t\t\n\t\t\t<p><span class=\"\" style=\"color: #050505;\"><span class=\"\">BECARIO - APRENDIZ<\/span><\/span><\/p>\n\t\t\t\t\t<\/div>\n\t\t\t\t\t\t<\/div>\n\t\t\t\t<\/div>\n\t\t\t\t<div class=\"elementor-element elementor-element-b0890ec elementor-widget elementor-widget-wd_text_block\" data-id=\"b0890ec\" data-element_type=\"widget\" data-widget_type=\"wd_text_block.default\">\n\t\t\t\t<div class=\"elementor-widget-container\">\n\t\t\t\t\t\t\t<div class=\"wd-text-block reset-last-child text-center\">\n\t\t\t\n\t\t\t<div class=\"5a3cf46e5fc6db45x126k92a 93ce089a1e763dc8x11i5rnm 1f7653c1e606d691xat24cr 8b0883db7a5555d2xtlvy1s 390b7981a18c2ac2x1mh8g0r cc2f90f45b619b98x1vvkbs\"><div class=\"\" dir=\"auto\"><div class=\"\" dir=\"auto\"><div class=\"\"><div class=\"\" dir=\"auto\"><div class=\"\" dir=\"auto\"><span class=\"\">Estamos buscando a dos j\u00f3venes entusiastas para unirse a nuestro equipo de Producci\u00f3n en expansi\u00f3n y aprender todas las habilidades necesarias para convertirse en expertos en fabricaci\u00f3n de materiales compuestos marinos.<\/span><\/div><div class=\"\" dir=\"auto\"><span class=\"\">\u00bfTe gustar\u00eda trabajar en una industria emocionante, trabajando en algunos de los yates de lujo y embarcaciones m\u00e1s prestigiosos para una de las principales empresas de reparaci\u00f3n y renovaci\u00f3n de Mallorca?<\/span><\/div><div class=\"\" dir=\"auto\"><span class=\"\">\u00bfTienes entre 17 y 25 a\u00f1os?\u00bfHablas espa\u00f1ol o ingl\u00e9s?<\/span><\/div><div class=\"\" dir=\"auto\"><span class=\"\">\u00bfEst\u00e1s interesado en la vela, el surf, el kitesurf, el windsurf, el SUP o cualquier otra actividad marina?<\/span><\/div><div class=\"\" dir=\"auto\"><span class=\"\">\u00bfTe gustar\u00eda formar parte de un equipo que crea productos incre\u00edbles para superyates?<\/span><\/div><div class=\"\" dir=\"auto\"><span class=\"\">\u00bfEst\u00e1s ubicado en Mallorca?<\/span><\/div><div class=\"\" dir=\"auto\"><span class=\"\">\u00bfTe gustar\u00eda tener la posibilidad de ganar un buen salario en una industria que requiere j\u00f3venes talentos frescos debido al crecimiento exponencial del sector?<\/span><\/div><div class=\"\" dir=\"auto\"><span class=\"\">i3 composites es una empresa moderna que opera con un ambiente alentador similar al de una familia y una mentalidad de crecimiento continuo.<\/span><\/div><div class=\"\" dir=\"auto\"><span class=\"\">Esta es una gran oportunidad para dos afortunados individuos de unirse a nuestra empresa establecida y trabajar en uno de los sectores de m\u00e1s r\u00e1pido crecimiento en la industria marina.<\/span><\/div><div class=\"\" dir=\"auto\"><span class=\"\">Estas posiciones trabajan en conjunto con el Cluster Mar\u00edtimo de las Islas Baleares para ayudar a la industria marina a reclutar aprendices.<\/span><\/div><\/div><\/div><\/div><\/div><\/div>\n\t\t\t\t\t<\/div>\n\t\t\t\t\t\t<\/div>\n\t\t\t\t<\/div>\n\t\t\t\t<\/div>\n\t\t\t\t\t<\/div>\n\t\t\t\t<\/div>\n\t\t\t\t<\/div>\n\t\t","protected":false},"excerpt":{"rendered":"<p>Puesto vacante\u00a0 CONSTRUCTORES DE EMBARCACIONES DE COMPOSITE 3 Composites busca x2 constructores de embarcaciones de composite de nivel avanzado para<\/p>\n","protected":false},"author":1,"featured_media":0,"parent":0,"menu_order":0,"comment_status":"closed","ping_status":"closed","template":"","meta":{"content-type":"","footnotes":""},"class_list":["post-3091","page","type-page","status-publish","hentry"],"_links":{"self":[{"href":"https:\/\/i3composites.com\/es\/wp-json\/wp\/v2\/pages\/3091","targetHints":{"allow":["GET"]}}],"collection":[{"href":"https:\/\/i3composites.com\/es\/wp-json\/wp\/v2\/pages"}],"about":[{"href":"https:\/\/i3composites.com\/es\/wp-json\/wp\/v2\/types\/page"}],"author":[{"embeddable":true,"href":"https:\/\/i3composites.com\/es\/wp-json\/wp\/v2\/users\/1"}],"replies":[{"embeddable":true,"href":"https:\/\/i3composites.com\/es\/wp-json\/wp\/v2\/comments?post=3091"}],"version-history":[{"count":4,"href":"https:\/\/i3composites.com\/es\/wp-json\/wp\/v2\/pages\/3091\/revisions"}],"predecessor-version":[{"id":4444,"href":"https:\/\/i3composites.com\/es\/wp-json\/wp\/v2\/pages\/3091\/revisions\/4444"}],"wp:attachment":[{"href":"https:\/\/i3composites.com\/es\/wp-json\/wp\/v2\/media?parent=3091"}],"curies":[{"name":"wp","href":"https:\/\/api.w.org\/{rel}","templated":true}]}}