{"id":4995,"date":"2024-06-08T09:45:43","date_gmt":"2024-06-08T09:45:43","guid":{"rendered":"https:\/\/i3composites.com\/?page_id=4995"},"modified":"2025-02-10T06:46:19","modified_gmt":"2025-02-10T06:46:19","slug":"aviso-legal","status":"publish","type":"page","link":"https:\/\/i3composites.com\/es\/aviso-legal\/","title":{"rendered":"AVISO LEGAL"},"content":{"rendered":"<p>De conformidad con lo dispuesto en los art\u00edculos 10 y 11 de la Ley 34\/ 2002, de 11 de julio, de Servicios de la Sociedad de la Informaci\u00f3n y de Comercio Electr\u00f3nico se pone a disposici\u00f3n de los usuarios y visitantes la informaci\u00f3n legal relativa a la entidad propietaria del sitio web ubicado en la direcci\u00f3n de Internet <a href=\"http:\/\/www.i3composites.com\">www.i3composites.com<\/a><\/p>\n<p>&nbsp;<\/p>\n<p>Titular de la p\u00e1gina web.<\/p>\n<p>Denominaci\u00f3n social: INNOVATION 3 MARINE PROJECTS SL<\/p>\n<p>CIF\/NIF: B57896284<\/p>\n<p>Domicilio: CALLE PRUDENCI ROVIRA, N\u00ba 18 (NAVES 1 Y 2) 07011 PALMA, BALEARES<\/p>\n<p>Direcci\u00f3n de correo electr\u00f3nico: info@3acomposites.com<\/p>\n<p>Tel\u00e9fono: 971254223<\/p>\n<p>Inscrito en el Registro Mercantil de les Illes Balears en el Tomo 2600, Folio 183, Hoja 75573, Secci\u00f3n 8<\/p>\n<p>Actividad: REPARACI\u00d3N DE EMBARCACIONES<\/p>\n<p>Condiciones de uso:<\/p>\n<p>Para navegar en esta p\u00e1gina web como visitante o para registrarse y poder acceder a los servicios ofrecidos por INNOVATION 3 MARINE PROJECTS SL, se deber\u00e1n aceptar las siguientes condiciones de servicio y uso:<\/p>\n<ol>\n<li>El usuario asume las presentes condiciones generales de uso y servicio de la p\u00e1gina webi3composites. com. Si el usuario no acepta las presentes condiciones, no podr\u00e1 hacer uso de los servicios y contenidos de la p\u00e1gina web <a href=\"http:\/\/www.i3composites.com\">www.i3composites.com<\/a>.<\/li>\n<\/ol>\n<p>&nbsp;<\/p>\n<ol>\n<li>Las presentes condiciones de uso regulan el acceso y utilizaci\u00f3n de la p\u00e1gina web i3composites.com La utilizaci\u00f3n de esta web le atribuye la condici\u00f3n de usuario desde el acceso e inicio de la navegaci\u00f3n en la misma. Desde el momento de acceso a cualquiera de sus contenidos, el usuario acepta de manera expresa las presentes condiciones generales. El usuario acepta las condiciones particulares aplicables de los diferentes servicios que oferta la entidad en la web a la que accede.<\/li>\n<li>A trav\u00e9s de la p\u00e1gina web, i3composites.com se facilita a los usuarios el acceso y la utilizaci\u00f3n de diversa informaci\u00f3n y diversos servicios.<\/li>\n<li>El usuario debe ser mayor de edad para utilizar los servicios de la web i3composites.com. Los menores de 18 a\u00f1os s\u00f3lo podr\u00e1n utilizar los Servicios de la Web www.i3composites.com bajo la supervisi\u00f3n de un progenitor o un tutor legal.<\/li>\n<li>El usuario se compromete a realizar un uso adecuado de los contenidos y servicios de la p\u00e1gina web i3composites.com. Este uso debe realizarse de conformidad con la Ley, las buenas costumbres, el orden p\u00fablico y con lo dispuesto en las presentes condiciones generales.<\/li>\n<li>Con car\u00e1cter general, para la prestaci\u00f3n de los servicios y el acceso a la informaci\u00f3n de la p\u00e1gina web no se exige la previa suscripci\u00f3n o registro del usuario. No obstante, INNOVATION 3 MARINE PROJECTS SL condiciona la utilizaci\u00f3n de algunos de los servicios, ofertados en la web a la previa cumplimentaci\u00f3n del correspondiente registro o formulario de recogida de datos de car\u00e1cter personal del usuario. El citado registro se efectuar\u00e1 en la forma expresamente indicada en el propio servicio o en las condiciones particulares que, en su caso, lo regulen.<\/li>\n<li>El usuario asume la obligaci\u00f3n de no realizar ninguna actuaci\u00f3n que pueda da\u00f1ar, inutilizar, hacer inaccesible o deteriorar los contenidos, los servicios y\/o impedir un normal disfrute de la p\u00e1gina web i3composites.com por otros usuarios. En particular, y a t\u00edtulo meramente enunciativo y no limitativo, el usuario se compromete a:<\/li>\n<\/ol>\n<p>No realizar ninguna acci\u00f3n que pueda afectar, destruir, alterar, inutilizar o da\u00f1ar datos de car\u00e1cter personal, programas o documentos electr\u00f3nicos que se encuentren en la web.<\/p>\n<p>No introducir, almacenar o difundir ning\u00fan programa de ordenador, datos, virus o c\u00f3digo que sea susceptible de causar da\u00f1os en la p\u00e1gina web, en cualquiera de los servicios, o en cualquiera de los equipos, sistemas o redes de la entidad, de cualquier otro usuario y\/o de cualquier proveedor de la entidad.<\/p>\n<p>Modificaciones.<\/p>\n<p>La entidad se reserva el derecho a modificar unilateralmente en cualquier momento las presentes condiciones debido a la existencia de nuevas circunstancias econ\u00f3micas y\/o comerciales que as\u00ed lo aconsejen, as\u00ed como por la modificaci\u00f3n, evoluci\u00f3n y promulgaci\u00f3n de leyes, reglamentos y normas de aplicaci\u00f3n que afecten a la prestaci\u00f3n del servicio y\/o aspectos conexos a ello. En estos casos, se proceder\u00e1 a su publicaci\u00f3n y aviso con la m\u00e1xima antelaci\u00f3n posible. De igual modo, se reserva el derecho a modificar, unilateralmente en cualquier momento la presentaci\u00f3n y configuraci\u00f3n de la web.<\/p>\n<p>Enlaces con terceros.<\/p>\n<p>El presente Aviso Legal se refiere \u00fanicamente a la p\u00e1gina web, y no se aplica a los enlaces o a las p\u00e1ginas web de terceros accesibles a trav\u00e9s de la p\u00e1gina web. La entidad no es responsable del contenido de ninguna de las p\u00e1ginas web de destino de un enlace, ni de ning\u00fan enlace incluido en una p\u00e1gina web a la que se llegue desde la web de la entidad.<\/p>\n<p>Propiedad Intelectual.<\/p>\n<p>Todos los contenidos de la p\u00e1gina web son titularidad exclusiva de la entidad y, con car\u00e1cter enunciativo, que no limitativo, el dise\u00f1o gr\u00e1fico, c\u00f3digo fuente, logos, textos, gr\u00e1ficos, ilustraciones, fotograf\u00edas, y dem\u00e1s elementos que aparecen en la p\u00e1gina web. As\u00ed mismo los nombres comerciales, marcas o signos distintivos de cualquier clase contenidos en la p\u00e1gina web est\u00e1n protegidos por la Ley de propiedad intelectual e industrial. Corresponde a la entidad el ejercicio exclusivo de los derechos de explotaci\u00f3n de la propiedad intelectual mencionada, en cualquier forma y, en especial, los derechos de reproducci\u00f3n, distribuci\u00f3n y comunicaci\u00f3n p\u00fablica. El usuario tiene prohibido cualquier uso no consentido total o parcial de cualquiera de los contenidos de la p\u00e1gina web que integran los derechos de propiedad intelectual o industrial de la entidad sobre la p\u00e1gina y\/o sus contenidos.<\/p>\n<p>&nbsp;<\/p>\n<p>La entidad se reserva el derecho a realizar cualquier tipo de acci\u00f3n legal contra cualquier usuario que realice una acci\u00f3n que implique reproducci\u00f3n, distribuci\u00f3n, comercializaci\u00f3n, transformaci\u00f3n y, en general, cualquier otra forma de explotaci\u00f3n, por cualquier procedimiento, de todo o parte de los contenidos de la p\u00e1gina web, y que constituya una infracci\u00f3n de los derechos de propiedad intelectual y\/o industrial de la misma.<\/p>\n<p>Notificaciones.<\/p>\n<p>A los efectos de las presentes condiciones generales, y para cualquier comunicaci\u00f3n que sea precisa entre la entidad y el usuario, este \u00faltimo deber\u00e1 hacer uso del correo electr\u00f3nico info@3acomposites.com. Las comunicaciones de la entidad al usuario se realizar\u00e1n conforme a los datos de car\u00e1cter personal aportados por este \u00faltimo al registrarse en la p\u00e1gina web www.i3composites.com El usuario acepta expresamente y para todas las comunicaciones relacionadas con la utilizaci\u00f3n de la p\u00e1gina web y\/o la contrataci\u00f3n de los servicios ofertados en la misma, la utilizaci\u00f3n del correo electr\u00f3nico como procedimiento v\u00e1lido para la remisi\u00f3n de estas comunicaciones.<\/p>\n<p>Legislaci\u00f3n aplicable.<\/p>\n<p>Las relaciones establecidas entre el titular de la p\u00e1gina web y el usuario se regir\u00e1n por la normativa espa\u00f1ola vigente, y la resoluci\u00f3n de cualquier posible controversia que pueda surgir quedar\u00e1 sometida a los Juzgados y Tribunales competentes. En el caso de que el usuario tenga la condici\u00f3n de consumidor, ser\u00e1n competentes los Juzgados y Tribunales que correspondan seg\u00fan lo previsto en la normativa de consumidores vigente.<\/p>\n","protected":false},"excerpt":{"rendered":"<p>De conformidad con lo dispuesto en los art\u00edculos 10 y 11 de la Ley 34\/ 2002, de 11 de julio,<\/p>\n","protected":false},"author":1,"featured_media":0,"parent":0,"menu_order":0,"comment_status":"closed","ping_status":"closed","template":"","meta":{"content-type":"","footnotes":""},"class_list":["post-4995","page","type-page","status-publish","hentry"],"_links":{"self":[{"href":"https:\/\/i3composites.com\/es\/wp-json\/wp\/v2\/pages\/4995","targetHints":{"allow":["GET"]}}],"collection":[{"href":"https:\/\/i3composites.com\/es\/wp-json\/wp\/v2\/pages"}],"about":[{"href":"https:\/\/i3composites.com\/es\/wp-json\/wp\/v2\/types\/page"}],"author":[{"embeddable":true,"href":"https:\/\/i3composites.com\/es\/wp-json\/wp\/v2\/users\/1"}],"replies":[{"embeddable":true,"href":"https:\/\/i3composites.com\/es\/wp-json\/wp\/v2\/comments?post=4995"}],"version-history":[{"count":1,"href":"https:\/\/i3composites.com\/es\/wp-json\/wp\/v2\/pages\/4995\/revisions"}],"predecessor-version":[{"id":4996,"href":"https:\/\/i3composites.com\/es\/wp-json\/wp\/v2\/pages\/4995\/revisions\/4996"}],"wp:attachment":[{"href":"https:\/\/i3composites.com\/es\/wp-json\/wp\/v2\/media?parent=4995"}],"curies":[{"name":"wp","href":"https:\/\/api.w.org\/{rel}","templated":true}]}}